{"id":3,"date":"2023-08-28T11:40:33","date_gmt":"2023-08-28T11:40:33","guid":{"rendered":"https:\/\/boattriptenerife.com\/?page_id=3"},"modified":"2023-10-17T11:05:18","modified_gmt":"2023-10-17T11:05:18","slug":"privacy-policy","status":"publish","type":"page","link":"https:\/\/boattriptenerife.com\/es\/privacy-policy\/","title":{"rendered":"pol\u00edtica de privacidad"},"content":{"rendered":"<h2 class=\"wp-block-heading\">1. RESPONSABLE DEL TRATAMIENTO<\/h2>\n\n\n\n<p>Datos de contacto del responsable del tratamiento: Atlantic Yacht Charter SL, CIF B13977053, con domicilio en Calle Marujita Diaz 22, Torremolinos, 29620, M\u00e1laga (en adelante, Boat Trip Tenerife).<\/p>\n\n\n\n<p>Datos de contacto del Delegado de Protecci\u00f3n de Datos: Puede contactar en la direcci\u00f3n postal anteriormente indicada y\/o a trav\u00e9s del correo electr\u00f3nico: boattenerife@gmail.com<\/p>\n\n\n\n<h2 class=\"wp-block-heading\">2. ALCANCE DE LA POL\u00cdTICA<\/h2>\n\n\n\n<p>Cuando accedes y utilizas este sitio web, participas en el blog, o utilizas cualquier otro medio que implique el tratamiento de datos personales, te comprometes a aceptar esta Pol\u00edtica de Privacidad, as\u00ed como las disposiciones contenidas en las Condiciones Legales y la Pol\u00edtica de Cookies. En Boat Trip Tenerife te facilitamos informaci\u00f3n para que, previamente a rellenar tus datos personales, puedas acceder a la Pol\u00edtica de Privacidad y cualquier otra informaci\u00f3n relevante en materia de Protecci\u00f3n de Datos.<\/p>\n\n\n\n<h2 class=\"wp-block-heading\">3. FINALIDADES DEL TRATAMIENTO DE DATOS<\/h2>\n\n\n\n<h3 class=\"wp-block-heading\">\u00bfCon qu\u00e9 finalidad tratamos tus datos personales?<\/h3>\n\n\n\n<p>Recopilamos informaci\u00f3n personal necesaria para la gesti\u00f3n y mantenimiento de algunos de nuestros servicios, as\u00ed como para otros fines establecidos en esta Pol\u00edtica de Privacidad.<\/p>\n\n\n\n<p>Boat Trip Tenerife trata tus datos personales con las siguientes finalidades:<\/p>\n\n\n\n<ul class=\"wp-block-list\">\n<li>CONTRACTUAL: Para contratar, mantener y revisar el cumplimiento de los productos y servicios que tienes contratados con Boat Trip Tenerife. <\/li>\n\n\n\n<li>CONSENTIMIENTO: Cualquier acci\u00f3n comercial que se realice con especial atenci\u00f3n a la creaci\u00f3n de perfiles en funci\u00f3n de sus preferencias personales sobre nuestros productos o los de terceros y a trav\u00e9s de cualquier medio, incluido el electr\u00f3nico. <\/li>\n\n\n\n<li>INTER\u00c9S LEG\u00cdTIMO: (1) Para la ejecuci\u00f3n de acciones comerciales, as\u00ed como recomendaciones de productos y servicios considerando los que haya contratado en el pasado. (2) Tambi\u00e9n para la prevenci\u00f3n, investigaci\u00f3n y detecci\u00f3n de fraude.<\/li>\n<\/ul>\n\n\n\n<h3 class=\"wp-block-heading\">\u00bfEn qu\u00e9 casos se solicitan datos personales a trav\u00e9s de nuestra web?<\/h3>\n\n\n\n<ul class=\"wp-block-list\">\n<li>Para suscribirte a la newsletter de Paseos en Barco Tenerife. <\/li>\n\n\n\n<li>Para solicitar cualquiera de los servicios y\/o productos que ofrecemos. <\/li>\n\n\n\n<li>Para atender las consultas y quejas que nos lleguen.<\/li>\n<\/ul>\n\n\n\n<h3 class=\"wp-block-heading\">\u00bfPara qu\u00e9 utilizaremos la informaci\u00f3n personal?<\/h3>\n\n\n\n<ul class=\"wp-block-list\">\n<li>Promocionar y enviarle informaci\u00f3n sobre nuestros servicios en caso de que as\u00ed lo solicite. <\/li>\n\n\n\n<li>Para gestionar la lista de suscripciones, enviar newsletters, promociones y ofertas relacionadas. <\/li>\n\n\n\n<li>Gestionar la venta de nuestros servicios tur\u00edsticos y cualquier otro descrito en nuestra p\u00e1gina web. <\/li>\n\n\n\n<li>Para atenci\u00f3n al cliente y para brindar servicios de seguimiento.<\/li>\n<\/ul>\n\n\n\n<h3 class=\"wp-block-heading\">\u00bfCu\u00e1nto tiempo conservaremos tus datos?<\/h3>\n\n\n\n<p>El plazo de conservaci\u00f3n de los datos personales variar\u00e1 en funci\u00f3n del servicio que contrates. En cualquier caso, sus datos se conservar\u00e1n mientras dure la relaci\u00f3n contractual. Una vez finalizado, mantendremos tus datos bloqueados durante los plazos de prescripci\u00f3n de las obligaciones que hayan podido derivarse del tratamiento y\/o los plazos legales aplicables, estando a disposici\u00f3n de las autoridades competentes, para atender posibles responsabilidades derivadas del tratamiento.<\/p>\n\n\n\n<h2 class=\"wp-block-heading\">4. LEGITIMACI\u00d3N<\/h2>\n\n\n\n<p>Tratamos tus datos en base a la base legal para proporcionarte la informaci\u00f3n o servicios que solicitas. En otros casos, puede ser necesario para la ejecuci\u00f3n de un contrato que celebre con nosotros, tambi\u00e9n basado en un inter\u00e9s leg\u00edtimo como describimos en la secci\u00f3n 3. En cada uno de estos casos, tendr\u00e1 plenos derechos sobre sus datos personales y su uso, y puedes ejercitarlos en cualquier momento. Nunca cederemos tus datos a terceros sin informarte previamente, y requeriremos tu consentimiento. El env\u00edo de datos personales es obligatorio para contactar y atender la solicitud que nos env\u00edas. Asimismo, no facilitar los datos personales solicitados o no aceptar esta pol\u00edtica de privacidad supone que no puedas suscribirte y tramitar las solicitudes realizadas en este sitio web.<\/p>\n\n\n\n<h2 class=\"wp-block-heading\">5. DESTINATARIOS<\/h2>\n\n\n\n<h3 class=\"wp-block-heading\">\u00bfA qui\u00e9n transferimos tus datos? <\/h3>\n\n\n\n<ul class=\"wp-block-list\">\n<li>Organismos P\u00fablicos competentes, Agencia Tributaria, Fuerzas y Cuerpos de Seguridad del Estado, Jueces y Tribunales, cuando Boat Trip Tenerife tenga la obligaci\u00f3n legal de facilitarlos.<\/li>\n\n\n\n<li>Adem\u00e1s, Boat Trip Tenerife trabaja con varios proveedores de servicios externos que tienen acceso a sus datos personales y que procesan dichos datos en nombre y para Boat Trip Tenerife como resultado de la prestaci\u00f3n de sus servicios. En concreto, y a t\u00edtulo enunciativo pero no limitativo, los citados proveedores realizan sus servicios en los siguientes sectores: servicios log\u00edsticos, agencias, servicios a\u00e9reos, prevenci\u00f3n del fraude, comunicaciones comerciales, asesoramiento jur\u00eddico, empresas de servicios profesionales multidisciplinares, empresas relacionadas con el mantenimiento, empresas proveedoras de servicios tecnol\u00f3gicos, empresas de seguridad f\u00edsica y empresas de servicios de call center. En ning\u00fan caso se comparten sus datos personales con terceras empresas sin obtener su previo consentimiento, salvo que la transferencia de sus datos fuera necesaria para el mantenimiento de la relaci\u00f3n con usted. En estos casos, le aconsejamos revisar las pol\u00edticas de privacidad de estas empresas para obtener m\u00e1s informaci\u00f3n sobre el tratamiento que dan a sus datos, as\u00ed como en los casos previstos por la normativa de protecci\u00f3n de datos vigente en cada momento.<\/li>\n<\/ul>\n\n\n\n<h2 class=\"wp-block-heading\">6. DERECHOS DE PROTECCI\u00d3N DE DATOS<\/h2>\n\n\n\n<h3 class=\"wp-block-heading\">\u00bfC\u00f3mo se pueden ejercer los derechos?<\/h3>\n\n\n\n<p>Podr\u00e1 dirigir una comunicaci\u00f3n escrita al domicilio social de Boat Trip Tenerife o a la direcci\u00f3n de correo electr\u00f3nico boattenerife@gmail.com, incluyendo en ambos casos fotocopia de su DNI u otro documento identificativo similar, para solicitar el ejercicio de los siguientes derechos:<\/p>\n\n\n\n<ul class=\"wp-block-list\">\n<li>Derecho a solicitar el acceso a datos personales: puedes preguntar a Boat Trip Tenerife si esta empresa est\u00e1 tratando tus datos. <\/li>\n\n\n\n<li>Derecho a solicitar su rectificaci\u00f3n, o su supresi\u00f3n. <\/li>\n\n\n\n<li>Derecho a oponerse al tratamiento: Boat Trip Tenerife dejar\u00e1 de tratar los datos en la forma que usted indique, salvo que para el ejercicio o la defensa de posibles reclamaciones sea necesario continuar con el tratamiento. <\/li>\n\n\n\n<li>Derecho a la portabilidad de sus datos: en caso de que desee que sus datos sean tratados por otra entidad, Boat Trip Tenerife facilitar\u00e1 la portabilidad de sus datos al nuevo responsable. <\/li>\n\n\n\n<li>Derecho a solicitar la limitaci\u00f3n de su tratamiento, en cuyo caso \u00fanicamente ser\u00e1n conservados por Boat Trip Tenerife para la defensa de posibles reclamaciones. <\/li>\n\n\n\n<li>Posibilidad de retirar el consentimiento: si el consentimiento se ha prestado para una finalidad concreta, tiene derecho a retirar el consentimiento en cualquier momento, sin que ello afecte a la licitud del tratamiento basado en el consentimiento previo a su retirada.<\/li>\n<\/ul>\n\n\n\n<p>En cualquier caso, le facilitamos un correo electr\u00f3nico que le permitir\u00e1 ejercer de forma m\u00e1s sencilla y r\u00e1pida los citados derechos envi\u00e1ndolo a la direcci\u00f3n de contacto del Delegado de Protecci\u00f3n de Datos.<\/p>\n\n\n\n<h3 class=\"wp-block-heading\">\u00bfC\u00f3mo se puede presentar una reclamaci\u00f3n ante la Autoridad de Control?<\/h3>\n\n\n\n<p>Si un usuario cree que hay alg\u00fan problema con el tratamiento de sus datos por parte de Boat Trip Tenerife, puede dirigir sus reclamaciones al Delegado de Protecci\u00f3n de Datos o a la autoridad de control en materia de protecci\u00f3n de datos correspondiente, siendo la Agencia Espa\u00f1ola de Protecci\u00f3n de Datos la indicada en el caso. de Espa\u00f1a.<\/p>\n\n\n\n<h2 class=\"wp-block-heading\">7. SEGURIDAD<\/h2>\n\n\n\n<p>En Boat Trip Tenerife mantenemos los m\u00e1s altos niveles de seguridad requeridos por la ley para proteger sus datos personales de p\u00e9rdidas accidentales y accesos, procesamientos o divulgaciones no autorizados, considerando el estado de la tecnolog\u00eda, la naturaleza de los datos almacenados y los riesgos que conllevan. expuesto a. Cuando recibimos sus datos, utilizamos procedimientos rigurosos y funciones de seguridad para evitar cualquier acceso no autorizado. Las actuaciones descritas en este apartado, encaminadas a garantizar un nivel de seguridad adecuado al riesgo identificado, incluir\u00e1n, en su caso, las siguientes medidas:<\/p>\n\n\n\n<p>Seudonimizaci\u00f3n y cifrado de datos personales. <\/p>\n\n\n\n<ul class=\"wp-block-list\">\n<li>Medidas capaces de garantizar la confidencialidad, integridad, disponibilidad y resiliencia permanente de los sistemas y servicios de tratamiento. <\/li>\n\n\n\n<li>Medidas capaces de restablecer la disponibilidad y el acceso a los datos personales r\u00e1pidamente en caso de incidente f\u00edsico o t\u00e9cnico. <\/li>\n\n\n\n<li>Existencia de un proceso para comprobar, valorar y evaluar peri\u00f3dicamente la eficacia de las medidas t\u00e9cnicas y organizativas para garantizar la seguridad del tratamiento. <\/li>\n\n\n\n<li>Evaluaci\u00f3n peri\u00f3dica del riesgo de destrucci\u00f3n, p\u00e9rdida o alteraci\u00f3n accidental o il\u00edcita de datos personales transmitidos, almacenados o procesados de otro modo, o de divulgaci\u00f3n o acceso no autorizado a dichos datos. <\/li>\n\n\n\n<li>Medidas para garantizar que cualquier persona que act\u00fae bajo la autoridad de Boat Trip Tenerife y tenga acceso a datos personales s\u00f3lo pueda tratar dichos datos siguiendo las instrucciones de Boat Trip Tenerife.<\/li>\n<\/ul>\n\n\n\n<h2 class=\"wp-block-heading\">8. CONFIDENCIALIDAD<\/h2>\n\n\n\n<p>Cualquier dato personal que pueda ser recabado ser\u00e1 tratado con absoluta confidencialidad. Nos comprometemos a guardar secreto sobre los mismos y garantizamos el deber de guardarlos adoptando todas las medidas necesarias para evitar su alteraci\u00f3n, p\u00e9rdida, tratamiento o acceso no autorizado, de acuerdo con lo establecido en la legislaci\u00f3n aplicable.<\/p>\n\n\n\n<h2 class=\"wp-block-heading\">9. RESPONSABILIDAD<\/h2>\n\n\n\n<p>El usuario ser\u00e1 el \u00fanico responsable de cumplimentar los formularios con datos falsos, inexactos, incompletos o no actualizados.<\/p>\n\n\n\n<h2 class=\"wp-block-heading\">10. GALLETAS<\/h2>\n\n\n\n<p>Nuestro sitio web utiliza &quot;cookies&quot; para recopilar informaci\u00f3n sobre c\u00f3mo se utiliza el sitio web. Si desea obtener informaci\u00f3n m\u00e1s detallada sobre c\u00f3mo Boat Trip Tenerife utiliza las cookies, por favor consulte la <a href=\"https:\/\/boattriptenerife.com\/es\/cookie-policy\/\" title=\"\">Pol\u00edtica de cookies<\/a>.<\/p>","protected":false},"excerpt":{"rendered":"<p>1. DATA CONTROLLER Contact details of the data controller: Atlantic Yacht Charter S.L., CIF B13977053, with address at Calle Marujita Diaz 22, Torremolinos, 29620, Malaga (hereinafter referred to as Boat Trip Tenerife). Contact details of the Data Protection Officer: You can contact at the previously mentioned postal address and\/or through email: boattenerife@gmail.com 2. SCOPE OF [&hellip;]<\/p>","protected":false},"author":1,"featured_media":0,"parent":0,"menu_order":0,"comment_status":"closed","ping_status":"open","template":"","meta":{"footnotes":""},"class_list":["post-3","page","type-page","status-publish","hentry"],"aioseo_notices":[],"_links":{"self":[{"href":"https:\/\/boattriptenerife.com\/es\/wp-json\/wp\/v2\/pages\/3","targetHints":{"allow":["GET"]}}],"collection":[{"href":"https:\/\/boattriptenerife.com\/es\/wp-json\/wp\/v2\/pages"}],"about":[{"href":"https:\/\/boattriptenerife.com\/es\/wp-json\/wp\/v2\/types\/page"}],"author":[{"embeddable":true,"href":"https:\/\/boattriptenerife.com\/es\/wp-json\/wp\/v2\/users\/1"}],"replies":[{"embeddable":true,"href":"https:\/\/boattriptenerife.com\/es\/wp-json\/wp\/v2\/comments?post=3"}],"version-history":[{"count":0,"href":"https:\/\/boattriptenerife.com\/es\/wp-json\/wp\/v2\/pages\/3\/revisions"}],"wp:attachment":[{"href":"https:\/\/boattriptenerife.com\/es\/wp-json\/wp\/v2\/media?parent=3"}],"curies":[{"name":"wp","href":"https:\/\/api.w.org\/{rel}","templated":true}]}}