{"id":2443,"date":"2023-10-17T11:02:43","date_gmt":"2023-10-17T11:02:43","guid":{"rendered":"https:\/\/boattriptenerife.com\/?page_id=2443"},"modified":"2023-10-17T11:03:17","modified_gmt":"2023-10-17T11:03:17","slug":"cookie-policy","status":"publish","type":"page","link":"https:\/\/boattriptenerife.com\/es\/cookie-policy\/","title":{"rendered":"Pol\u00edtica de cookies"},"content":{"rendered":"<h2 class=\"wp-block-heading\">INTRODUCCI\u00d3N<\/h2>\n\n\n\n<p>A trav\u00e9s del presente aviso en la p\u00e1gina web boattriptenerife.com, propiedad de Boat Trip Tenerife (Atlantic Yacht Charter SL), le informamos sobre nuestra pol\u00edtica de cookies, cumpliendo as\u00ed con lo dispuesto en el art\u00edculo 22.2 de la Ley 34\/2002, de 11 de julio, de Servicios de la Sociedad de la Informaci\u00f3n y el Comercio Electr\u00f3nico.<\/p>\n\n\n\n<h2 class=\"wp-block-heading\">QUE ES UNA GALLETA<\/h2>\n\n\n\n<p>Una cookie es un fichero que se descarga en su ordenador al acceder a determinados sitios web. Las cookies permiten a un sitio web, entre otras cosas, almacenar y recuperar informaci\u00f3n sobre los h\u00e1bitos de navegaci\u00f3n de un usuario o de su ordenador y, dependiendo de la informaci\u00f3n que contengan y de c\u00f3mo utilice su ordenador, pueden utilizarse para reconocer al usuario. El navegador del usuario almacena cookies en el disco duro \u00fanicamente durante la sesi\u00f3n actual, ocupando un espacio m\u00ednimo de memoria y no da\u00f1ando el ordenador. Las cookies no contienen ninguna informaci\u00f3n personal espec\u00edfica y la mayor\u00eda de ellas se eliminan del disco duro al finalizar la sesi\u00f3n del navegador.<\/p>\n\n\n\n<p>La mayor\u00eda de los navegadores aceptan como est\u00e1ndar las cookies y, independientemente de ellas, permiten o impiden en los ajustes de seguridad las cookies temporales o memorizadas.<\/p>\n\n\n\n<p>Sin su expreso consentimiento, mediante la activaci\u00f3n de las cookies en su navegador, los datos memorizados no ser\u00e1n vinculados con sus datos personales proporcionados en el momento del registro o la compra.<\/p>\n\n\n\n<p>Al utilizar este sitio web, el Usuario acepta expresamente el tratamiento de la informaci\u00f3n recabada en la forma y con las finalidades anteriormente mencionadas. Asimismo reconoce la posibilidad de rechazar el tratamiento de tales datos o informaci\u00f3n rechazando el uso de Cookies mediante la selecci\u00f3n de la configuraci\u00f3n apropiada a tal fin en su navegador. Sin embargo, es posible que esta opci\u00f3n de bloquear las cookies en su navegador no le permita utilizar plenamente todas las funcionalidades del sitio web.<\/p>\n\n\n\n<p>Puedes permitir, bloquear o eliminar las cookies instaladas en tu equipo mediante la configuraci\u00f3n de las opciones del navegador instalado en tu ordenador.<\/p>","protected":false},"excerpt":{"rendered":"<p>INTRODUCTION Through this notice on the website boattriptenerife.com, owned by Boat Trip Tenerife (Atlantic Yacht Charter S.L.), we inform you about our cookie policy, thereby complying with the provisions of Article 22.2 of Law 34\/2002, dated July 11, on Services of the Information Society and Electronic Commerce. WHAT IS A COOKIE A cookie is a [&hellip;]<\/p>","protected":false},"author":1,"featured_media":0,"parent":0,"menu_order":0,"comment_status":"closed","ping_status":"closed","template":"","meta":{"footnotes":""},"class_list":["post-2443","page","type-page","status-publish","hentry"],"aioseo_notices":[],"_links":{"self":[{"href":"https:\/\/boattriptenerife.com\/es\/wp-json\/wp\/v2\/pages\/2443","targetHints":{"allow":["GET"]}}],"collection":[{"href":"https:\/\/boattriptenerife.com\/es\/wp-json\/wp\/v2\/pages"}],"about":[{"href":"https:\/\/boattriptenerife.com\/es\/wp-json\/wp\/v2\/types\/page"}],"author":[{"embeddable":true,"href":"https:\/\/boattriptenerife.com\/es\/wp-json\/wp\/v2\/users\/1"}],"replies":[{"embeddable":true,"href":"https:\/\/boattriptenerife.com\/es\/wp-json\/wp\/v2\/comments?post=2443"}],"version-history":[{"count":0,"href":"https:\/\/boattriptenerife.com\/es\/wp-json\/wp\/v2\/pages\/2443\/revisions"}],"wp:attachment":[{"href":"https:\/\/boattriptenerife.com\/es\/wp-json\/wp\/v2\/media?parent=2443"}],"curies":[{"name":"wp","href":"https:\/\/api.w.org\/{rel}","templated":true}]}}